{"id":1943,"date":"2026-01-22T17:08:05","date_gmt":"2026-01-22T17:08:05","guid":{"rendered":"https:\/\/controlpoint.shop\/?post_type=product&#038;p=1943"},"modified":"2026-04-17T10:09:43","modified_gmt":"2026-04-17T10:09:43","slug":"smartwatch-ultra-5g","status":"publish","type":"product","link":"https:\/\/controlpoint.shop\/index.php\/product\/smartwatch-ultra-5g\/","title":{"rendered":"SMARTWATCH ULTRA 5G"},"content":{"rendered":"<h3 data-section-id=\"1kcvxry\" data-start=\"136\" data-end=\"170\">\u231a SMARTWATCH ULTRA 5G \u2013 49MM<\/h3>\n<p data-start=\"171\" data-end=\"220\"><strong data-start=\"171\" data-end=\"220\">Um smartwatch\u2026 ou um smartphone no teu pulso?<\/strong><\/p>\n<p data-start=\"222\" data-end=\"459\">Descobre o poderoso <strong data-start=\"242\" data-end=\"272\">Smartwatch Ultra 5G \u2013 49mm<\/strong>, um dos modelos mais avan\u00e7ados da atualidade. Equipado com sistema Android, conectividade 5G e funcionalidades inteligentes, este rel\u00f3gio leva a tecnologia a um n\u00edvel completamente novo.<\/p>\n<p data-start=\"461\" data-end=\"552\">\ud83d\udd25 <strong data-start=\"464\" data-end=\"552\">Modelo premium com tecnologia de \u00faltima gera\u00e7\u00e3o e funcionalidades \u00fanicas no mercado.<\/strong><\/p>\n<hr data-start=\"554\" data-end=\"557\" \/>\n<h3 data-section-id=\"1p9j9p3\" data-start=\"559\" data-end=\"600\">\ud83d\ude80 Tecnologia revolucion\u00e1ria no pulso<\/h3>\n<ul data-start=\"602\" data-end=\"844\">\n<li data-section-id=\"1u7m4qh\" data-start=\"602\" data-end=\"649\">\ud83d\udcf6 <strong data-start=\"607\" data-end=\"647\">Conectividade 5G + Wi-Fi + Bluetooth<\/strong><\/li>\n<li data-section-id=\"fncrlq\" data-start=\"650\" data-end=\"714\">\ud83d\udcf1 <strong data-start=\"655\" data-end=\"712\">Funciona de forma independente (slot para cart\u00e3o SIM)<\/strong><\/li>\n<li data-section-id=\"xv845l\" data-start=\"715\" data-end=\"789\">\ud83e\udd16 <strong data-start=\"720\" data-end=\"787\">Sistema Android integrado (instala apps diretamente no rel\u00f3gio)<\/strong><\/li>\n<li data-section-id=\"1xqlod2\" data-start=\"790\" data-end=\"844\">\ud83e\udde0 <strong data-start=\"795\" data-end=\"842\">Assistente com Intelig\u00eancia Artificial (AI)<\/strong><\/li>\n<\/ul>\n<p data-start=\"846\" data-end=\"892\">\ud83d\udc49 Um verdadeiro mini smartphone no teu pulso.<\/p>\n<hr data-start=\"894\" data-end=\"897\" \/>\n<h3 data-section-id=\"flal3s\" data-start=\"899\" data-end=\"931\">\ud83d\udcf8 C\u00e2mara integrada rotativa<\/h3>\n<ul data-start=\"933\" data-end=\"1137\">\n<li data-section-id=\"105lgdp\" data-start=\"933\" data-end=\"974\">\ud83d\udcf7 <strong data-start=\"938\" data-end=\"972\">C\u00e2mara HD com rota\u00e7\u00e3o at\u00e9 180\u00ba<\/strong><\/li>\n<li data-section-id=\"fwtrhg\" data-start=\"975\" data-end=\"1037\">\ud83e\udd33 Ideal para fotos, videochamadas e reconhecimento facial<\/li>\n<li data-section-id=\"xqqyji\" data-start=\"1038\" data-end=\"1137\">\ud83d\udd0d Permite tamb\u00e9m leitura de QR codes e grava\u00e7\u00e3o de v\u00eddeo<\/li>\n<\/ul>\n<hr data-start=\"1139\" data-end=\"1142\" \/>\n<h3 data-section-id=\"27xyu7\" data-start=\"1144\" data-end=\"1171\">\ud83d\udda5\ufe0f Ecr\u00e3 gigante AMOLED<\/h3>\n<ul data-start=\"1173\" data-end=\"1378\">\n<li data-section-id=\"13dsi31\" data-start=\"1173\" data-end=\"1220\">\ud83d\udca1 <strong data-start=\"1178\" data-end=\"1218\">Display AMOLED de 2.06\u201d ultra n\u00edtido<\/strong><\/li>\n<li data-section-id=\"1u3kyul\" data-start=\"1221\" data-end=\"1322\">\ud83d\udcfa Resolu\u00e7\u00e3o elevada (428&#215;518) para m\u00e1xima qualidade visual<\/li>\n<li data-section-id=\"1mhwnil\" data-start=\"1323\" data-end=\"1378\">\ud83d\udc46 <strong data-start=\"1328\" data-end=\"1376\">Ecr\u00e3 totalmente t\u00e1til e fluido (multi-touch)<\/strong><\/li>\n<\/ul>\n<hr data-start=\"1380\" data-end=\"1383\" \/>\n<h3 data-section-id=\"a7smbo\" data-start=\"1385\" data-end=\"1409\">\u26a1 Desempenho de topo<\/h3>\n<ul data-start=\"1411\" data-end=\"1610\">\n<li data-section-id=\"1lsc41b\" data-start=\"1411\" data-end=\"1457\">\ud83d\ude80 <strong data-start=\"1416\" data-end=\"1455\">Processador com sistema Android 8.1<\/strong><\/li>\n<li data-section-id=\"1oaw75h\" data-start=\"1458\" data-end=\"1510\">\ud83d\udcbe <strong data-start=\"1463\" data-end=\"1508\">Mem\u00f3ria: at\u00e9 2GB RAM + 32GB armazenamento<\/strong><\/li>\n<li data-section-id=\"172xpuy\" data-start=\"1511\" data-end=\"1610\">\ud83d\udcf2 Instala apps como redes sociais, YouTube, jogos e mais<\/li>\n<\/ul>\n<hr data-start=\"1612\" data-end=\"1615\" \/>\n<h3 data-section-id=\"hbgwjl\" data-start=\"1617\" data-end=\"1658\">\ud83d\udccd GPS + funcionalidades inteligentes<\/h3>\n<ul data-start=\"1660\" data-end=\"1866\">\n<li data-section-id=\"17m64yf\" data-start=\"1660\" data-end=\"1712\">\ud83e\udded <strong data-start=\"1665\" data-end=\"1710\">GPS integrado com navega\u00e7\u00e3o em tempo real<\/strong><\/li>\n<li data-section-id=\"19qlnvh\" data-start=\"1713\" data-end=\"1768\">\ud83d\ude97 Apps de mapas, transporte, entregas e muito mais<\/li>\n<li data-section-id=\"aniash\" data-start=\"1769\" data-end=\"1866\">\ud83c\udfb5 Reprodu\u00e7\u00e3o de v\u00eddeos e m\u00fasica diretamente no rel\u00f3gio<\/li>\n<\/ul>\n<hr data-start=\"1868\" data-end=\"1871\" \/>\n<h3 data-section-id=\"85xy2l\" data-start=\"1873\" data-end=\"1911\">\u2764\ufe0f Monitoriza\u00e7\u00e3o de sa\u00fade completa<\/h3>\n<ul data-start=\"1913\" data-end=\"2042\">\n<li data-section-id=\"byr9z9\" data-start=\"1913\" data-end=\"1954\">\u2764\ufe0f Batimentos card\u00edacos em tempo real<\/li>\n<li data-section-id=\"hr5pp8\" data-start=\"1955\" data-end=\"1980\">\ud83e\ude78 Oxig\u00e9nio no sangue<\/li>\n<li data-section-id=\"183xaxu\" data-start=\"1981\" data-end=\"2009\">\ud83d\ude34 Monitoriza\u00e7\u00e3o do sono<\/li>\n<li data-section-id=\"1rbjdez\" data-start=\"2010\" data-end=\"2042\">\ud83c\udfc3 Atividade f\u00edsica e passos<\/li>\n<\/ul>\n<hr data-start=\"2044\" data-end=\"2047\" \/>\n<h3 data-section-id=\"1xjftah\" data-start=\"2049\" data-end=\"2072\">\ud83d\udd0b Bateria poderosa<\/h3>\n<ul data-start=\"2074\" data-end=\"2216\">\n<li data-section-id=\"1kh7q0u\" data-start=\"2074\" data-end=\"2105\">\ud83d\udd0b <strong data-start=\"2079\" data-end=\"2103\">800mAh de capacidade<\/strong><\/li>\n<li data-section-id=\"11lhm1x\" data-start=\"2106\" data-end=\"2145\">\u23f3 At\u00e9 <strong data-start=\"2114\" data-end=\"2143\">1-2 dias de uso intensivo<\/strong><\/li>\n<li data-section-id=\"1p89z7p\" data-start=\"2146\" data-end=\"2216\">\ud83d\udca4 At\u00e9 <strong data-start=\"2155\" data-end=\"2176\">5 dias em standby<\/strong><\/li>\n<\/ul>\n<hr data-start=\"2218\" data-end=\"2221\" \/>\n<h3 data-section-id=\"1erb1dg\" data-start=\"2223\" data-end=\"2248\">\ud83d\udcaa Constru\u00e7\u00e3o robusta<\/h3>\n<ul data-start=\"2250\" data-end=\"2395\">\n<li data-section-id=\"14sn15k\" data-start=\"2250\" data-end=\"2287\">\u231a <strong data-start=\"2254\" data-end=\"2285\">Tamanho 49mm (estilo Ultra)<\/strong><\/li>\n<li data-section-id=\"1j1jtub\" data-start=\"2288\" data-end=\"2324\">\ud83d\udca7 <strong data-start=\"2293\" data-end=\"2322\">Resist\u00eancia \u00e0 \u00e1gua (IP68)<\/strong><\/li>\n<li data-section-id=\"1sl14c0\" data-start=\"2325\" data-end=\"2357\">\ud83e\uddf2 <strong data-start=\"2330\" data-end=\"2355\">Carregamento sem fios<\/strong><\/li>\n<li data-section-id=\"1bqd4qd\" data-start=\"2358\" data-end=\"2395\">\ud83c\udfbd Design desportivo e resistente<\/li>\n<\/ul>\n<hr data-start=\"2397\" data-end=\"2400\" \/>\n<h3 data-section-id=\"vlus4\" data-start=\"2402\" data-end=\"2424\">\ud83d\udce6 Inclui na caixa<\/h3>\n<p data-start=\"2426\" data-end=\"2519\">\u2714 Smartwatch Ultra 5G \u2013 49mm<br data-start=\"2454\" data-end=\"2457\" \/>\u2714 Cabo de carregamento<br data-start=\"2479\" data-end=\"2482\" \/>\u2714 Pulseiras<br data-start=\"2493\" data-end=\"2496\" \/>\u2714 Manual<br data-start=\"2504\" data-end=\"2507\" \/>\u2714 Garantia<\/p>\n<p data-start=\"2726\" data-end=\"2785\">\n","protected":false},"excerpt":{"rendered":"<h3 data-section-id=\"ad5b4r\" data-start=\"2526\" data-end=\"2573\">\ud83d\udca5 O smartwatch mais completo que podes ter<\/h3>\n<p data-start=\"2575\" data-end=\"2724\">Se procuras um rel\u00f3gio que vai muito al\u00e9m do b\u00e1sico, o <strong data-start=\"2630\" data-end=\"2642\">Ultra 5G<\/strong> oferece <strong data-start=\"2651\" data-end=\"2696\">pot\u00eancia, conectividade e liberdade total<\/strong>, sem depender do telem\u00f3vel.<\/p>\n<p data-start=\"2726\" data-end=\"2785\">\ud83d\udc49 <strong data-start=\"2729\" data-end=\"2782\">Leva a tecnologia contigo \u2014 diretamente no pulso.<\/strong> \ud83d\ude80<\/p>\n","protected":false},"featured_media":1976,"comment_status":"open","ping_status":"closed","template":"","meta":{"inline_featured_image":false},"product_brand":[],"product_cat":[33],"product_tag":[],"class_list":{"0":"post-1943","1":"product","2":"type-product","3":"status-publish","4":"has-post-thumbnail","6":"product_cat-relogios","8":"first","9":"instock","10":"sale","11":"shipping-taxable","12":"purchasable","13":"product-type-simple"},"_links":{"self":[{"href":"https:\/\/controlpoint.shop\/index.php\/wp-json\/wp\/v2\/product\/1943","targetHints":{"allow":["GET"]}}],"collection":[{"href":"https:\/\/controlpoint.shop\/index.php\/wp-json\/wp\/v2\/product"}],"about":[{"href":"https:\/\/controlpoint.shop\/index.php\/wp-json\/wp\/v2\/types\/product"}],"replies":[{"embeddable":true,"href":"https:\/\/controlpoint.shop\/index.php\/wp-json\/wp\/v2\/comments?post=1943"}],"wp:featuredmedia":[{"embeddable":true,"href":"https:\/\/controlpoint.shop\/index.php\/wp-json\/wp\/v2\/media\/1976"}],"wp:attachment":[{"href":"https:\/\/controlpoint.shop\/index.php\/wp-json\/wp\/v2\/media?parent=1943"}],"wp:term":[{"taxonomy":"product_brand","embeddable":true,"href":"https:\/\/controlpoint.shop\/index.php\/wp-json\/wp\/v2\/product_brand?post=1943"},{"taxonomy":"product_cat","embeddable":true,"href":"https:\/\/controlpoint.shop\/index.php\/wp-json\/wp\/v2\/product_cat?post=1943"},{"taxonomy":"product_tag","embeddable":true,"href":"https:\/\/controlpoint.shop\/index.php\/wp-json\/wp\/v2\/product_tag?post=1943"}],"curies":[{"name":"wp","href":"https:\/\/api.w.org\/{rel}","templated":true}]}}